{"id":1207,"date":"2023-08-09T16:14:51","date_gmt":"2023-08-09T16:14:51","guid":{"rendered":"https:\/\/www.blueng.com\/?page_id=1207"},"modified":"2023-08-29T17:00:10","modified_gmt":"2023-08-29T15:00:10","slug":"nastro-pesatore","status":"publish","type":"page","link":"https:\/\/www.blueng.com\/en\/nastro-pesatore\/","title":{"rendered":"Belt weigher"},"content":{"rendered":"<div data-elementor-type=\"wp-page\" data-elementor-id=\"1207\" class=\"elementor elementor-1207\">\n\t\t\t\t\t\t<section class=\"elementor-section elementor-top-section elementor-element elementor-element-7a46970 ct-section-stretched elementor-section-full_width elementor-section-height-default elementor-section-height-default wpr-particle-no wpr-jarallax-no wpr-parallax-no wpr-sticky-section-no\" data-id=\"7a46970\" data-element_type=\"section\" data-e-type=\"section\" data-settings=\"{&quot;background_background&quot;:&quot;classic&quot;}\">\n\t\t\t\t\t\t\t<div class=\"elementor-background-overlay\"><\/div>\n\t\t\t\t\t\t\t<div class=\"elementor-container elementor-column-gap-default\">\n\t\t\t\t\t<div class=\"elementor-column elementor-col-100 elementor-top-column elementor-element elementor-element-46160a3d\" data-id=\"46160a3d\" data-element_type=\"column\" data-e-type=\"column\">\n\t\t\t<div class=\"elementor-widget-wrap elementor-element-populated\">\n\t\t\t\t\t\t<div class=\"elementor-element elementor-element-7e2cb486 elementor-widget elementor-widget-wpr-post-title\" data-id=\"7e2cb486\" data-element_type=\"widget\" data-e-type=\"widget\" data-widget_type=\"wpr-post-title.default\">\n\t\t\t\t<div class=\"elementor-widget-container\">\n\t\t\t\t\t<h1 class=\"wpr-post-title\">Belt weigher<\/h1>\t\t\t\t<\/div>\n\t\t\t\t<\/div>\n\t\t\t\t\t<\/div>\n\t\t<\/div>\n\t\t\t\t\t<\/div>\n\t\t<\/section>\n\t\t<div class=\"elementor-element elementor-element-4ca38f33 e-flex e-con-boxed wpr-particle-no wpr-jarallax-no wpr-parallax-no wpr-sticky-section-no e-con e-parent\" data-id=\"4ca38f33\" data-element_type=\"container\" data-e-type=\"container\">\n\t\t\t\t\t<div class=\"e-con-inner\">\n\t\t\t\t<div class=\"elementor-element elementor-element-248d5e8c elementor-widget elementor-widget-heading\" data-id=\"248d5e8c\" data-element_type=\"widget\" data-e-type=\"widget\" data-widget_type=\"heading.default\">\n\t\t\t\t<div class=\"elementor-widget-container\">\n\t\t\t\t\t<h3 class=\"elementor-heading-title elementor-size-default\">Belt weigher<\/h3>\t\t\t\t<\/div>\n\t\t\t\t<\/div>\n\t\t\t\t<div class=\"elementor-element elementor-element-2f9a6ffe elementor-widget elementor-widget-text-editor\" data-id=\"2f9a6ffe\" data-element_type=\"widget\" data-e-type=\"widget\" data-widget_type=\"text-editor.default\">\n\t\t\t\t<div class=\"elementor-widget-container\">\n\t\t\t\t\t\t\t\t\t<p>Bluengineering designs and supplies innovative belt weighers, based on PLC-controlled technology.<br \/>Thanks to the removal of the traditional electronic control unit and exploiting the raw capacity of modern PLCs, our belt weighers turn into true \u201csmart\u201d high flexibility and accuracy dispensers.<br \/>The experience with this technology as well as the full development of the software, enables us to have the complete control over this solutions and to reach unprecedented customization levels.<br \/>According to the needs and accuracies required by the customers, we can deliver a solution based either on the brushless or on a three-phase asynchronous motor.<br \/>Overall, the final system is cost-effective and flexible, enables to manage \u201cin set\u201d runs and ensures the utmost dosage accuracy throughout the operating range<\/p>\t\t\t\t\t\t\t\t<\/div>\n\t\t\t\t<\/div>\n\t\t\t\t\t<\/div>\n\t\t\t\t<\/div>\n\t\t<div class=\"elementor-element elementor-element-2c24148 e-flex e-con-boxed wpr-particle-no wpr-jarallax-no wpr-parallax-no wpr-sticky-section-no e-con e-parent\" data-id=\"2c24148\" data-element_type=\"container\" data-e-type=\"container\">\n\t\t\t\t\t<div class=\"e-con-inner\">\n\t\t\t\t<div class=\"elementor-element elementor-element-7465ae4 gallery-spacing-custom elementor-widget elementor-widget-image-gallery\" data-id=\"7465ae4\" data-element_type=\"widget\" data-e-type=\"widget\" data-widget_type=\"image-gallery.default\">\n\t\t\t\t<div class=\"elementor-widget-container\">\n\t\t\t\t\t\t\t<div class=\"elementor-image-gallery\">\n\t\t\t<div id='gallery-1' class='gallery galleryid-1207 gallery-columns-3 gallery-size-full'><figure class='gallery-item'>\n\t\t\t<div class='gallery-icon landscape'>\n\t\t\t\t<a data-elementor-open-lightbox=\"yes\" data-elementor-lightbox-slideshow=\"7465ae4\" data-e-action-hash=\"#elementor-action%3Aaction%3Dlightbox%26settings%3DeyJpZCI6MTIwOSwidXJsIjoiaHR0cHM6XC9cL3d3dy5ibHVlbmcuY29tXC93cC1jb250ZW50XC91cGxvYWRzXC8yMDIzXC8wOFwvbWFjY2hpbmVfMjUtc2NhbGVkLTEuanBnIiwic2xpZGVzaG93IjoiNzQ2NWFlNCJ9\" href='https:\/\/www.blueng.com\/wp-content\/uploads\/2023\/08\/macchine_25-scaled-1.jpg'><img fetchpriority=\"high\" decoding=\"async\" width=\"2560\" height=\"1810\" src=\"https:\/\/www.blueng.com\/wp-content\/uploads\/2023\/08\/macchine_25-scaled-1.jpg\" class=\"attachment-full size-full\" alt=\"\" srcset=\"https:\/\/www.blueng.com\/wp-content\/uploads\/2023\/08\/macchine_25-scaled-1.jpg 2560w, https:\/\/www.blueng.com\/wp-content\/uploads\/2023\/08\/macchine_25-scaled-1-300x212.jpg 300w, https:\/\/www.blueng.com\/wp-content\/uploads\/2023\/08\/macchine_25-scaled-1-1024x724.jpg 1024w, https:\/\/www.blueng.com\/wp-content\/uploads\/2023\/08\/macchine_25-scaled-1-768x543.jpg 768w, https:\/\/www.blueng.com\/wp-content\/uploads\/2023\/08\/macchine_25-scaled-1-1536x1086.jpg 1536w, https:\/\/www.blueng.com\/wp-content\/uploads\/2023\/08\/macchine_25-scaled-1-2048x1448.jpg 2048w, https:\/\/www.blueng.com\/wp-content\/uploads\/2023\/08\/macchine_25-scaled-1-600x424.jpg 600w\" sizes=\"(max-width: 2560px) 100vw, 2560px\" \/><\/a>\n\t\t\t<\/div><\/figure><figure class='gallery-item'>\n\t\t\t<div class='gallery-icon landscape'>\n\t\t\t\t<a data-elementor-open-lightbox=\"yes\" data-elementor-lightbox-slideshow=\"7465ae4\" data-e-action-hash=\"#elementor-action%3Aaction%3Dlightbox%26settings%3DeyJpZCI6NzQ0LCJ1cmwiOiJodHRwczpcL1wvd3d3LmJsdWVuZy5jb21cL3dwLWNvbnRlbnRcL3VwbG9hZHNcLzIwMjNcLzA4XC9EU0NfMDA1NS1zY2FsZWQtMS5qcGciLCJzbGlkZXNob3ciOiI3NDY1YWU0In0%3D\" href='https:\/\/www.blueng.com\/wp-content\/uploads\/2023\/08\/DSC_0055-scaled-1.jpg'><img decoding=\"async\" width=\"2560\" height=\"1702\" src=\"https:\/\/www.blueng.com\/wp-content\/uploads\/2023\/08\/DSC_0055-scaled-1.jpg\" class=\"attachment-full size-full\" alt=\"\" srcset=\"https:\/\/www.blueng.com\/wp-content\/uploads\/2023\/08\/DSC_0055-scaled-1.jpg 2560w, https:\/\/www.blueng.com\/wp-content\/uploads\/2023\/08\/DSC_0055-scaled-1-300x199.jpg 300w, https:\/\/www.blueng.com\/wp-content\/uploads\/2023\/08\/DSC_0055-scaled-1-1024x681.jpg 1024w, https:\/\/www.blueng.com\/wp-content\/uploads\/2023\/08\/DSC_0055-scaled-1-768x511.jpg 768w, https:\/\/www.blueng.com\/wp-content\/uploads\/2023\/08\/DSC_0055-scaled-1-1536x1021.jpg 1536w, https:\/\/www.blueng.com\/wp-content\/uploads\/2023\/08\/DSC_0055-scaled-1-2048x1362.jpg 2048w\" sizes=\"(max-width: 2560px) 100vw, 2560px\" \/><\/a>\n\t\t\t<\/div><\/figure><figure class='gallery-item'>\n\t\t\t<div class='gallery-icon landscape'>\n\t\t\t\t<a data-elementor-open-lightbox=\"yes\" data-elementor-lightbox-slideshow=\"7465ae4\" data-e-action-hash=\"#elementor-action%3Aaction%3Dlightbox%26settings%3DeyJpZCI6NzQyLCJ1cmwiOiJodHRwczpcL1wvd3d3LmJsdWVuZy5jb21cL3dwLWNvbnRlbnRcL3VwbG9hZHNcLzIwMjNcLzA4XC9EcnktQ29sb3VyaW5nLmpwZyIsInNsaWRlc2hvdyI6Ijc0NjVhZTQifQ%3D%3D\" href='https:\/\/www.blueng.com\/wp-content\/uploads\/2023\/08\/Dry-Colouring.jpg'><img decoding=\"async\" width=\"2261\" height=\"1099\" src=\"https:\/\/www.blueng.com\/wp-content\/uploads\/2023\/08\/Dry-Colouring.jpg\" class=\"attachment-full size-full\" alt=\"\" srcset=\"https:\/\/www.blueng.com\/wp-content\/uploads\/2023\/08\/Dry-Colouring.jpg 2261w, https:\/\/www.blueng.com\/wp-content\/uploads\/2023\/08\/Dry-Colouring-300x146.jpg 300w, https:\/\/www.blueng.com\/wp-content\/uploads\/2023\/08\/Dry-Colouring-1024x498.jpg 1024w, https:\/\/www.blueng.com\/wp-content\/uploads\/2023\/08\/Dry-Colouring-768x373.jpg 768w, https:\/\/www.blueng.com\/wp-content\/uploads\/2023\/08\/Dry-Colouring-1536x747.jpg 1536w, https:\/\/www.blueng.com\/wp-content\/uploads\/2023\/08\/Dry-Colouring-2048x995.jpg 2048w\" sizes=\"(max-width: 2261px) 100vw, 2261px\" \/><\/a>\n\t\t\t<\/div><\/figure>\n\t\t<\/div>\n\t\t<\/div>\n\t\t\t\t\t\t<\/div>\n\t\t\t\t<\/div>\n\t\t\t\t\t<\/div>\n\t\t\t\t<\/div>\n\t\t\t\t<\/div>","protected":false},"excerpt":{"rendered":"<p>Nastro pesatore Nastro pesatore Bluengineering progetta e fornisce nastri pesatori innovativi, basati sulla tecnologia di controllo mediante PLC.Eliminando la classica centralina elettronica dedicata e sfruttando la capacit\u00e0 nativa dei moderni PLC i nostri nastri pesatori diventano vere e proprie unit\u00e0 di dosaggio \u201cintelligenti\u201d con un elevato grado di flessibilit\u00e0 e precisione.L\u2019esperienza su questa tecnologia e l\u2019avere completamente sviluppato il software ci permette di avere il completo controllo sulla proposta ed una capacit\u00e0 di personalizzazione a livelli altissimi.A seconda delle necessit\u00e0 e delle precisioni da voi richieste, possiamo fornire una soluzione basata su motorizzazione brushless o su una di tipo asincrona trifase.Il sistema cos\u00ec realizzato risulta nel complesso pi\u00f9 economico e flessibile, e garantisce la possibilit\u00e0 di gestire partenze sempre \u201cin set\u201d e assicurando un\u2019ottima precisione di dosaggio in tutto il range di funzionamento.<\/p>","protected":false},"author":1,"featured_media":0,"parent":0,"menu_order":0,"comment_status":"closed","ping_status":"closed","template":"","meta":{"footnotes":""},"class_list":["post-1207","page","type-page","status-publish","hentry"],"blocksy_meta":{"page_title_panel":"","has_hero_section":"disabled","a021d615acb00704d22a215bb20821ff":"","hero_section":"type-1","hero_elements":[{"id":"custom_title","enabled":true,"heading_tag":"h1","title":"Home"},{"id":"custom_description","enabled":true,"description_visibility":{"desktop":true,"tablet":true,"mobile":false}},{"id":"custom_meta","enabled":false,"meta_elements":[{"id":"author","enabled":true,"label":"By","has_author_avatar":"yes","avatar_size":25},{"id":"post_date","enabled":true,"label":"On","date_format_source":"default","date_format":"M j, Y"},{"id":"comments","enabled":true}],"page_meta_elements":{"joined":true,"articles_count":true,"comments":true}},{"id":"breadcrumbs","enabled":false}],"d0505c9bc2c3a100918983b7672c5e6d":"","hero_alignment1":"left","hero_alignment2":"center","hero_vertical_alignment":"center","69a73150cebfaece67402936f1c0455f":"","hero_structure":"narrow","bd1080d581870d75437a0aec7ce14d23":"","page_title_bg_type":"featured_image","custom_hero_background":{"attachment_id":null},"parallax":{"desktop":false,"tablet":false,"mobile":false},"a45ed0d64b9a771c158335017296bd80":"","hero_height":"250px","pageTitleFont":{"family":"Default","variation":"Default","size":{"desktop":"32px","tablet":"30px","mobile":"25px"},"line-height":"CT_CSS_SKIP_RULE","letter-spacing":"CT_CSS_SKIP_RULE","text-transform":"CT_CSS_SKIP_RULE","text-decoration":"CT_CSS_SKIP_RULE"},"pageTitleFontColor":{"default":{"color":"CT_CSS_SKIP_RULEDEFAULT"}},"pageMetaFont":{"family":"Default","variation":"n6","size":{"desktop":"12px","tablet":"12px","mobile":"12px"},"line-height":"1.3","letter-spacing":"CT_CSS_SKIP_RULE","text-transform":"uppercase","text-decoration":"CT_CSS_SKIP_RULE"},"pageMetaFontColor":{"default":{"color":"CT_CSS_SKIP_RULEDEFAULT"},"hover":{"color":"CT_CSS_SKIP_RULEDEFAULT"}},"pageExcerptFont":{"family":"Default","variation":"Default","size":"CT_CSS_SKIP_RULE","line-height":"CT_CSS_SKIP_RULE","letter-spacing":"CT_CSS_SKIP_RULE","text-transform":"CT_CSS_SKIP_RULE","text-decoration":"CT_CSS_SKIP_RULE"},"pageExcerptColor":{"default":{"color":"CT_CSS_SKIP_RULEDEFAULT"}},"breadcrumbsFont":{"family":"Default","variation":"n6","size":"12px","line-height":"CT_CSS_SKIP_RULE","letter-spacing":"CT_CSS_SKIP_RULE","text-transform":"uppercase","text-decoration":"CT_CSS_SKIP_RULE"},"breadcrumbsFontColor":{"default":{"color":"CT_CSS_SKIP_RULEDEFAULT"},"initial":{"color":"CT_CSS_SKIP_RULEDEFAULT"},"hover":{"color":"CT_CSS_SKIP_RULEDEFAULT"}},"pageTitleOverlay":{"default":{"color":"rgba(41, 51, 60, 0.2)"}},"pageTitleBackground":{"background_type":"color","background_pattern":"type-1","background_image":{"attachment_id":null,"x":0,"y":0},"background_repeat":"no-repeat","background_size":"auto","background_attachment":"scroll","patternColor":{"default":{"color":"#e5e7ea"}},"backgroundColor":{"default":{"color":"#EDEFF2"}}},"c0700eea2d5f2a79943114245d9b0d3c":"","page_structure_type":"default","content_style":"inherit","vertical_spacing_source":"custom","content_area_spacing":"none","background":{"background_type":"color","background_pattern":"type-1","background_image":{"attachment_id":null,"x":0,"y":0},"background_repeat":"no-repeat","background_size":"auto","background_attachment":"scroll","patternColor":{"default":{"color":"#e5e7ea"}},"backgroundColor":{"default":{"color":"CT_CSS_SKIP_RULE"}}},"content_background":{"background_type":"color","background_pattern":"type-1","background_image":{"attachment_id":null,"x":0,"y":0},"background_repeat":"no-repeat","background_size":"auto","background_attachment":"scroll","patternColor":{"default":{"color":"#e5e7ea"}},"backgroundColor":{"default":{"color":"#ffffff"}}},"content_boxed_spacing":{"desktop":"40px","tablet":"35px","mobile":"20px"},"content_boxed_radius":{"top":"3px","bottom":"3px","left":"3px","right":"3px","linked":true},"content_boxed_shadow":{"blur":18,"spread":-6,"v_offset":12,"h_offset":0,"inset":false,"enable":true,"color":{"color":"rgba(34, 56, 101, 0.04)"}},"05c14464af83440d2458a3b59cd3c7c8":"","disable_featured_image":"no","disable_header":"no","disable_footer":"no","styles_descriptor":{"styles":{"desktop":"","tablet":"","mobile":""},"google_fonts":[]}},"aioseo_notices":[],"_links":{"self":[{"href":"https:\/\/www.blueng.com\/en\/wp-json\/wp\/v2\/pages\/1207","targetHints":{"allow":["GET"]}}],"collection":[{"href":"https:\/\/www.blueng.com\/en\/wp-json\/wp\/v2\/pages"}],"about":[{"href":"https:\/\/www.blueng.com\/en\/wp-json\/wp\/v2\/types\/page"}],"author":[{"embeddable":true,"href":"https:\/\/www.blueng.com\/en\/wp-json\/wp\/v2\/users\/1"}],"replies":[{"embeddable":true,"href":"https:\/\/www.blueng.com\/en\/wp-json\/wp\/v2\/comments?post=1207"}],"version-history":[{"count":5,"href":"https:\/\/www.blueng.com\/en\/wp-json\/wp\/v2\/pages\/1207\/revisions"}],"predecessor-version":[{"id":1754,"href":"https:\/\/www.blueng.com\/en\/wp-json\/wp\/v2\/pages\/1207\/revisions\/1754"}],"wp:attachment":[{"href":"https:\/\/www.blueng.com\/en\/wp-json\/wp\/v2\/media?parent=1207"}],"curies":[{"name":"wp","href":"https:\/\/api.w.org\/{rel}","templated":true}]}}