{"id":1428,"date":"2023-08-09T20:23:45","date_gmt":"2023-08-09T20:23:45","guid":{"rendered":"https:\/\/www.blueng.com\/?page_id=1428"},"modified":"2024-11-21T16:02:23","modified_gmt":"2024-11-21T14:02:23","slug":"quadri-elettrici","status":"publish","type":"page","link":"https:\/\/www.blueng.com\/en\/quadri-elettrici\/","title":{"rendered":"Realization of electrical cabinets"},"content":{"rendered":"<div data-elementor-type=\"wp-page\" data-elementor-id=\"1428\" class=\"elementor elementor-1428\">\n\t\t\t\t\t\t<section class=\"elementor-section elementor-top-section elementor-element elementor-element-7a46970 ct-section-stretched elementor-section-full_width elementor-section-height-default elementor-section-height-default wpr-particle-no wpr-jarallax-no wpr-parallax-no wpr-sticky-section-no wpr-equal-height-no\" data-id=\"7a46970\" data-element_type=\"section\" data-e-type=\"section\" data-settings=\"{&quot;background_background&quot;:&quot;classic&quot;}\">\n\t\t\t\t\t\t\t<div class=\"elementor-background-overlay\"><\/div>\n\t\t\t\t\t\t\t<div class=\"elementor-container elementor-column-gap-default\">\n\t\t\t\t\t<div class=\"elementor-column elementor-col-100 elementor-top-column elementor-element elementor-element-46160a3d\" data-id=\"46160a3d\" data-element_type=\"column\" data-e-type=\"column\">\n\t\t\t<div class=\"elementor-widget-wrap elementor-element-populated\">\n\t\t\t\t\t\t<div class=\"elementor-element elementor-element-7e2cb486 elementor-widget elementor-widget-wpr-post-title\" data-id=\"7e2cb486\" data-element_type=\"widget\" data-e-type=\"widget\" data-widget_type=\"wpr-post-title.default\">\n\t\t\t\t<div class=\"elementor-widget-container\">\n\t\t\t\t\t<h1 class=\"wpr-post-title\">Realization of electrical cabinets<\/h1>\t\t\t\t<\/div>\n\t\t\t\t<\/div>\n\t\t\t\t\t<\/div>\n\t\t<\/div>\n\t\t\t\t\t<\/div>\n\t\t<\/section>\n\t\t<div class=\"elementor-element elementor-element-4ca38f33 e-flex e-con-boxed wpr-particle-no wpr-jarallax-no wpr-parallax-no wpr-sticky-section-no wpr-equal-height-no e-con e-parent\" data-id=\"4ca38f33\" data-element_type=\"container\" data-e-type=\"container\">\n\t\t\t\t\t<div class=\"e-con-inner\">\n\t\t\t\t<div class=\"elementor-element elementor-element-248d5e8c elementor-widget elementor-widget-heading\" data-id=\"248d5e8c\" data-element_type=\"widget\" data-e-type=\"widget\" data-widget_type=\"heading.default\">\n\t\t\t\t<div class=\"elementor-widget-container\">\n\t\t\t\t\t<h3 class=\"elementor-heading-title elementor-size-default\">Realization of electrical cabinets<\/h3>\t\t\t\t<\/div>\n\t\t\t\t<\/div>\n\t\t\t\t<div class=\"elementor-element elementor-element-2f9a6ffe elementor-widget elementor-widget-text-editor\" data-id=\"2f9a6ffe\" data-element_type=\"widget\" data-e-type=\"widget\" data-widget_type=\"text-editor.default\">\n\t\t\t\t<div class=\"elementor-widget-container\">\n\t\t\t\t\t\t\t\t\t<p>Our manufacturing department is designed to manufacture highly customized panelboards, to meet your specific needs.<\/p>\t\t\t\t\t\t\t\t<\/div>\n\t\t\t\t<\/div>\n\t\t\t\t\t<\/div>\n\t\t\t\t<\/div>\n\t\t<div class=\"elementor-element elementor-element-77d3496 e-flex e-con-boxed wpr-particle-no wpr-jarallax-no wpr-parallax-no wpr-sticky-section-no wpr-equal-height-no e-con e-parent\" data-id=\"77d3496\" data-element_type=\"container\" data-e-type=\"container\">\n\t\t\t\t\t<div class=\"e-con-inner\">\n\t\t\t\t<div class=\"elementor-element elementor-element-1ad5a77 elementor-widget elementor-widget-counter\" data-id=\"1ad5a77\" data-element_type=\"widget\" data-e-type=\"widget\" data-widget_type=\"counter.default\">\n\t\t\t\t<div class=\"elementor-widget-container\">\n\t\t\t\t\t\t\t<div class=\"elementor-counter\">\n\t\t\t<div class=\"elementor-counter-title\">Projects<\/div>\t\t\t<div class=\"elementor-counter-number-wrapper\">\n\t\t\t\t<span class=\"elementor-counter-number-prefix\"><\/span>\n\t\t\t\t<span class=\"elementor-counter-number\" data-duration=\"2000\" data-to-value=\"1565\" data-from-value=\"0\">0<\/span>\n\t\t\t\t<span class=\"elementor-counter-number-suffix\"><\/span>\n\t\t\t<\/div>\n\t\t<\/div>\n\t\t\t\t\t\t<\/div>\n\t\t\t\t<\/div>\n\t\t\t\t<div class=\"elementor-element elementor-element-b93615f elementor-widget elementor-widget-counter\" data-id=\"b93615f\" data-element_type=\"widget\" data-e-type=\"widget\" data-widget_type=\"counter.default\">\n\t\t\t\t<div class=\"elementor-widget-container\">\n\t\t\t\t\t\t\t<div class=\"elementor-counter\">\n\t\t\t<div class=\"elementor-counter-title\">People<\/div>\t\t\t<div class=\"elementor-counter-number-wrapper\">\n\t\t\t\t<span class=\"elementor-counter-number-prefix\"><\/span>\n\t\t\t\t<span class=\"elementor-counter-number\" data-duration=\"2000\" data-to-value=\"25\" data-from-value=\"0\">0<\/span>\n\t\t\t\t<span class=\"elementor-counter-number-suffix\"><\/span>\n\t\t\t<\/div>\n\t\t<\/div>\n\t\t\t\t\t\t<\/div>\n\t\t\t\t<\/div>\n\t\t\t\t<div class=\"elementor-element elementor-element-550122a elementor-widget elementor-widget-counter\" data-id=\"550122a\" data-element_type=\"widget\" data-e-type=\"widget\" data-widget_type=\"counter.default\">\n\t\t\t\t<div class=\"elementor-widget-container\">\n\t\t\t\t\t\t\t<div class=\"elementor-counter\">\n\t\t\t<div class=\"elementor-counter-title\">Industries covered<\/div>\t\t\t<div class=\"elementor-counter-number-wrapper\">\n\t\t\t\t<span class=\"elementor-counter-number-prefix\"><\/span>\n\t\t\t\t<span class=\"elementor-counter-number\" data-duration=\"2000\" data-to-value=\"5\" data-from-value=\"0\">0<\/span>\n\t\t\t\t<span class=\"elementor-counter-number-suffix\"><\/span>\n\t\t\t<\/div>\n\t\t<\/div>\n\t\t\t\t\t\t<\/div>\n\t\t\t\t<\/div>\n\t\t\t\t<div class=\"elementor-element elementor-element-976acc4 elementor-widget elementor-widget-counter\" data-id=\"976acc4\" data-element_type=\"widget\" data-e-type=\"widget\" data-widget_type=\"counter.default\">\n\t\t\t\t<div class=\"elementor-widget-container\">\n\t\t\t\t\t\t\t<div class=\"elementor-counter\">\n\t\t\t<div class=\"elementor-counter-title\">Years in business<\/div>\t\t\t<div class=\"elementor-counter-number-wrapper\">\n\t\t\t\t<span class=\"elementor-counter-number-prefix\"><\/span>\n\t\t\t\t<span class=\"elementor-counter-number\" data-duration=\"2000\" data-to-value=\"21\" data-from-value=\"0\">0<\/span>\n\t\t\t\t<span class=\"elementor-counter-number-suffix\"><\/span>\n\t\t\t<\/div>\n\t\t<\/div>\n\t\t\t\t\t\t<\/div>\n\t\t\t\t<\/div>\n\t\t\t\t\t<\/div>\n\t\t\t\t<\/div>\n\t\t<div class=\"elementor-element elementor-element-c842c25 e-flex e-con-boxed wpr-particle-no wpr-jarallax-no wpr-parallax-no wpr-sticky-section-no wpr-equal-height-no e-con e-parent\" data-id=\"c842c25\" data-element_type=\"container\" data-e-type=\"container\">\n\t\t\t\t\t<div class=\"e-con-inner\">\n\t\t\t\t<div class=\"elementor-element elementor-element-b8cf692 gallery-spacing-custom elementor-widget elementor-widget-image-gallery\" data-id=\"b8cf692\" data-element_type=\"widget\" data-e-type=\"widget\" data-widget_type=\"image-gallery.default\">\n\t\t\t\t<div class=\"elementor-widget-container\">\n\t\t\t\t\t\t\t<div class=\"elementor-image-gallery\">\n\t\t\t<div id='gallery-1' class='gallery galleryid-1428 gallery-columns-3 gallery-size-full'><figure class='gallery-item'>\n\t\t\t<div class='gallery-icon landscape'>\n\t\t\t\t<a data-elementor-open-lightbox=\"yes\" data-elementor-lightbox-slideshow=\"b8cf692\" data-e-action-hash=\"#elementor-action%3Aaction%3Dlightbox%26settings%3DeyJpZCI6NjkzLCJ1cmwiOiJodHRwczpcL1wvd3d3LmJsdWVuZy5jb21cL3dwLWNvbnRlbnRcL3VwbG9hZHNcLzIwMjNcLzA4XC8yMDE5MTAyMl8xNTExMTktc2NhbGVkLTEuanBnIiwic2xpZGVzaG93IjoiYjhjZjY5MiJ9\" href='https:\/\/www.blueng.com\/wp-content\/uploads\/2023\/08\/20191022_151119-scaled-1.jpg'><img fetchpriority=\"high\" decoding=\"async\" width=\"2560\" height=\"1920\" src=\"https:\/\/www.blueng.com\/wp-content\/uploads\/2023\/08\/20191022_151119-scaled-1.jpg\" class=\"attachment-full size-full\" alt=\"\" srcset=\"https:\/\/www.blueng.com\/wp-content\/uploads\/2023\/08\/20191022_151119-scaled-1.jpg 2560w, https:\/\/www.blueng.com\/wp-content\/uploads\/2023\/08\/20191022_151119-scaled-1-300x225.jpg 300w, https:\/\/www.blueng.com\/wp-content\/uploads\/2023\/08\/20191022_151119-scaled-1-1024x768.jpg 1024w, https:\/\/www.blueng.com\/wp-content\/uploads\/2023\/08\/20191022_151119-scaled-1-768x576.jpg 768w, https:\/\/www.blueng.com\/wp-content\/uploads\/2023\/08\/20191022_151119-scaled-1-1536x1152.jpg 1536w, https:\/\/www.blueng.com\/wp-content\/uploads\/2023\/08\/20191022_151119-scaled-1-2048x1536.jpg 2048w\" sizes=\"(max-width: 2560px) 100vw, 2560px\" \/><\/a>\n\t\t\t<\/div><\/figure><figure class='gallery-item'>\n\t\t\t<div class='gallery-icon landscape'>\n\t\t\t\t<a data-elementor-open-lightbox=\"yes\" data-elementor-lightbox-slideshow=\"b8cf692\" data-e-action-hash=\"#elementor-action%3Aaction%3Dlightbox%26settings%3DeyJpZCI6MTkxNCwidXJsIjoiaHR0cHM6XC9cL3d3dy5ibHVlbmcuY29tXC93cC1jb250ZW50XC91cGxvYWRzXC8yMDI0XC8wMVwvSU1HXzM0Mjgtc2NhbGVkLmpwZyIsInNsaWRlc2hvdyI6ImI4Y2Y2OTIifQ%3D%3D\" href='https:\/\/www.blueng.com\/wp-content\/uploads\/2024\/01\/IMG_3428-scaled.jpg'><img decoding=\"async\" width=\"2560\" height=\"1920\" src=\"https:\/\/www.blueng.com\/wp-content\/uploads\/2024\/01\/IMG_3428-scaled.jpg\" class=\"attachment-full size-full\" alt=\"\" srcset=\"https:\/\/www.blueng.com\/wp-content\/uploads\/2024\/01\/IMG_3428-scaled.jpg 2560w, https:\/\/www.blueng.com\/wp-content\/uploads\/2024\/01\/IMG_3428-300x225.jpg 300w, https:\/\/www.blueng.com\/wp-content\/uploads\/2024\/01\/IMG_3428-1024x768.jpg 1024w, https:\/\/www.blueng.com\/wp-content\/uploads\/2024\/01\/IMG_3428-768x576.jpg 768w, https:\/\/www.blueng.com\/wp-content\/uploads\/2024\/01\/IMG_3428-1536x1152.jpg 1536w, https:\/\/www.blueng.com\/wp-content\/uploads\/2024\/01\/IMG_3428-2048x1536.jpg 2048w, https:\/\/www.blueng.com\/wp-content\/uploads\/2024\/01\/IMG_3428-16x12.jpg 16w, https:\/\/www.blueng.com\/wp-content\/uploads\/2024\/01\/IMG_3428-600x450.jpg 600w\" sizes=\"(max-width: 2560px) 100vw, 2560px\" \/><\/a>\n\t\t\t<\/div><\/figure><figure class='gallery-item'>\n\t\t\t<div class='gallery-icon landscape'>\n\t\t\t\t<a data-elementor-open-lightbox=\"yes\" data-elementor-lightbox-slideshow=\"b8cf692\" data-e-action-hash=\"#elementor-action%3Aaction%3Dlightbox%26settings%3DeyJpZCI6MTkxMywidXJsIjoiaHR0cHM6XC9cL3d3dy5ibHVlbmcuY29tXC93cC1jb250ZW50XC91cGxvYWRzXC8yMDI0XC8wMVwvSU1HXzM0NDRfMS1zY2FsZWQuanBnIiwic2xpZGVzaG93IjoiYjhjZjY5MiJ9\" href='https:\/\/www.blueng.com\/wp-content\/uploads\/2024\/01\/IMG_3444_1-scaled.jpg'><img decoding=\"async\" width=\"2560\" height=\"1848\" src=\"https:\/\/www.blueng.com\/wp-content\/uploads\/2024\/01\/IMG_3444_1-scaled.jpg\" class=\"attachment-full size-full\" alt=\"\" srcset=\"https:\/\/www.blueng.com\/wp-content\/uploads\/2024\/01\/IMG_3444_1-scaled.jpg 2560w, https:\/\/www.blueng.com\/wp-content\/uploads\/2024\/01\/IMG_3444_1-300x217.jpg 300w, https:\/\/www.blueng.com\/wp-content\/uploads\/2024\/01\/IMG_3444_1-1024x739.jpg 1024w, https:\/\/www.blueng.com\/wp-content\/uploads\/2024\/01\/IMG_3444_1-768x554.jpg 768w, https:\/\/www.blueng.com\/wp-content\/uploads\/2024\/01\/IMG_3444_1-1536x1109.jpg 1536w, https:\/\/www.blueng.com\/wp-content\/uploads\/2024\/01\/IMG_3444_1-2048x1478.jpg 2048w, https:\/\/www.blueng.com\/wp-content\/uploads\/2024\/01\/IMG_3444_1-18x12.jpg 18w, https:\/\/www.blueng.com\/wp-content\/uploads\/2024\/01\/IMG_3444_1-600x433.jpg 600w\" sizes=\"(max-width: 2560px) 100vw, 2560px\" \/><\/a>\n\t\t\t<\/div><\/figure><figure class='gallery-item'>\n\t\t\t<div class='gallery-icon landscape'>\n\t\t\t\t<a data-elementor-open-lightbox=\"yes\" data-elementor-lightbox-slideshow=\"b8cf692\" data-e-action-hash=\"#elementor-action%3Aaction%3Dlightbox%26settings%3DeyJpZCI6MTQzMywidXJsIjoiaHR0cHM6XC9cL3d3dy5ibHVlbmcuY29tXC93cC1jb250ZW50XC91cGxvYWRzXC8yMDIzXC8wOFwvRFNDXzAxMDItc2NhbGVkLTIuanBnIiwic2xpZGVzaG93IjoiYjhjZjY5MiJ9\" href='https:\/\/www.blueng.com\/wp-content\/uploads\/2023\/08\/DSC_0102-scaled-2.jpg'><img loading=\"lazy\" decoding=\"async\" width=\"2560\" height=\"1707\" src=\"https:\/\/www.blueng.com\/wp-content\/uploads\/2023\/08\/DSC_0102-scaled-2.jpg\" class=\"attachment-full size-full\" alt=\"\" srcset=\"https:\/\/www.blueng.com\/wp-content\/uploads\/2023\/08\/DSC_0102-scaled-2.jpg 2560w, https:\/\/www.blueng.com\/wp-content\/uploads\/2023\/08\/DSC_0102-scaled-2-300x200.jpg 300w, https:\/\/www.blueng.com\/wp-content\/uploads\/2023\/08\/DSC_0102-scaled-2-1024x683.jpg 1024w, https:\/\/www.blueng.com\/wp-content\/uploads\/2023\/08\/DSC_0102-scaled-2-768x512.jpg 768w, https:\/\/www.blueng.com\/wp-content\/uploads\/2023\/08\/DSC_0102-scaled-2-1536x1024.jpg 1536w, https:\/\/www.blueng.com\/wp-content\/uploads\/2023\/08\/DSC_0102-scaled-2-2048x1366.jpg 2048w, https:\/\/www.blueng.com\/wp-content\/uploads\/2023\/08\/DSC_0102-scaled-2-600x400.jpg 600w\" sizes=\"(max-width: 2560px) 100vw, 2560px\" \/><\/a>\n\t\t\t<\/div><\/figure><figure class='gallery-item'>\n\t\t\t<div class='gallery-icon landscape'>\n\t\t\t\t<a data-elementor-open-lightbox=\"yes\" data-elementor-lightbox-slideshow=\"b8cf692\" data-e-action-hash=\"#elementor-action%3Aaction%3Dlightbox%26settings%3DeyJpZCI6MTkyMSwidXJsIjoiaHR0cHM6XC9cL3d3dy5ibHVlbmcuY29tXC93cC1jb250ZW50XC91cGxvYWRzXC8yMDI0XC8wMVwvSU1HXzI2MTYtc2NhbGVkLmpwZyIsInNsaWRlc2hvdyI6ImI4Y2Y2OTIifQ%3D%3D\" href='https:\/\/www.blueng.com\/wp-content\/uploads\/2024\/01\/IMG_2616-scaled.jpg'><img loading=\"lazy\" decoding=\"async\" width=\"2560\" height=\"1707\" src=\"https:\/\/www.blueng.com\/wp-content\/uploads\/2024\/01\/IMG_2616-scaled.jpg\" class=\"attachment-full size-full\" alt=\"\" srcset=\"https:\/\/www.blueng.com\/wp-content\/uploads\/2024\/01\/IMG_2616-scaled.jpg 2560w, https:\/\/www.blueng.com\/wp-content\/uploads\/2024\/01\/IMG_2616-300x200.jpg 300w, https:\/\/www.blueng.com\/wp-content\/uploads\/2024\/01\/IMG_2616-1024x683.jpg 1024w, https:\/\/www.blueng.com\/wp-content\/uploads\/2024\/01\/IMG_2616-768x512.jpg 768w, https:\/\/www.blueng.com\/wp-content\/uploads\/2024\/01\/IMG_2616-1536x1024.jpg 1536w, https:\/\/www.blueng.com\/wp-content\/uploads\/2024\/01\/IMG_2616-2048x1365.jpg 2048w, https:\/\/www.blueng.com\/wp-content\/uploads\/2024\/01\/IMG_2616-18x12.jpg 18w, https:\/\/www.blueng.com\/wp-content\/uploads\/2024\/01\/IMG_2616-600x400.jpg 600w\" sizes=\"(max-width: 2560px) 100vw, 2560px\" \/><\/a>\n\t\t\t<\/div><\/figure><figure class='gallery-item'>\n\t\t\t<div class='gallery-icon landscape'>\n\t\t\t\t<a data-elementor-open-lightbox=\"yes\" data-elementor-lightbox-slideshow=\"b8cf692\" data-e-action-hash=\"#elementor-action%3Aaction%3Dlightbox%26settings%3DeyJpZCI6MTQzNCwidXJsIjoiaHR0cHM6XC9cL3d3dy5ibHVlbmcuY29tXC93cC1jb250ZW50XC91cGxvYWRzXC8yMDIzXC8wOFwvRFNDXzAwODItc2NhbGVkLTIuanBnIiwic2xpZGVzaG93IjoiYjhjZjY5MiJ9\" href='https:\/\/www.blueng.com\/wp-content\/uploads\/2023\/08\/DSC_0082-scaled-2.jpg'><img loading=\"lazy\" decoding=\"async\" width=\"2560\" height=\"1707\" src=\"https:\/\/www.blueng.com\/wp-content\/uploads\/2023\/08\/DSC_0082-scaled-2.jpg\" class=\"attachment-full size-full\" alt=\"\" srcset=\"https:\/\/www.blueng.com\/wp-content\/uploads\/2023\/08\/DSC_0082-scaled-2.jpg 2560w, https:\/\/www.blueng.com\/wp-content\/uploads\/2023\/08\/DSC_0082-scaled-2-300x200.jpg 300w, https:\/\/www.blueng.com\/wp-content\/uploads\/2023\/08\/DSC_0082-scaled-2-1024x683.jpg 1024w, https:\/\/www.blueng.com\/wp-content\/uploads\/2023\/08\/DSC_0082-scaled-2-768x512.jpg 768w, https:\/\/www.blueng.com\/wp-content\/uploads\/2023\/08\/DSC_0082-scaled-2-1536x1024.jpg 1536w, https:\/\/www.blueng.com\/wp-content\/uploads\/2023\/08\/DSC_0082-scaled-2-2048x1366.jpg 2048w, https:\/\/www.blueng.com\/wp-content\/uploads\/2023\/08\/DSC_0082-scaled-2-600x400.jpg 600w\" sizes=\"(max-width: 2560px) 100vw, 2560px\" \/><\/a>\n\t\t\t<\/div><\/figure>\n\t\t<\/div>\n\t\t<\/div>\n\t\t\t\t\t\t<\/div>\n\t\t\t\t<\/div>\n\t\t\t\t\t<\/div>\n\t\t\t\t<\/div>\n\t\t<div class=\"elementor-element elementor-element-78072705 e-flex e-con-boxed wpr-particle-no wpr-jarallax-no wpr-parallax-no wpr-sticky-section-no wpr-equal-height-no e-con e-parent\" data-id=\"78072705\" data-element_type=\"container\" data-e-type=\"container\" data-settings=\"{&quot;background_background&quot;:&quot;classic&quot;}\">\n\t\t\t\t\t<div class=\"e-con-inner\">\n\t\t<div class=\"elementor-element elementor-element-29d67f6f e-con-full e-flex wpr-particle-no wpr-jarallax-no wpr-parallax-no wpr-sticky-section-no wpr-equal-height-no e-con e-child\" data-id=\"29d67f6f\" data-element_type=\"container\" data-e-type=\"container\">\n\t\t\t\t<div class=\"elementor-element elementor-element-52b314c1 elementor-widget elementor-widget-heading\" data-id=\"52b314c1\" data-element_type=\"widget\" data-e-type=\"widget\" data-widget_type=\"heading.default\">\n\t\t\t\t<div class=\"elementor-widget-container\">\n\t\t\t\t\t<h3 class=\"elementor-heading-title elementor-size-default\">Added values<\/h3>\t\t\t\t<\/div>\n\t\t\t\t<\/div>\n\t\t\t\t<div class=\"elementor-element elementor-element-ea82417 elementor-widget elementor-widget-text-editor\" data-id=\"ea82417\" data-element_type=\"widget\" data-e-type=\"widget\" data-widget_type=\"text-editor.default\">\n\t\t\t\t<div class=\"elementor-widget-container\">\n\t\t\t\t\t\t\t\t\t<p>We can adapt our production standards to the specifications required, either due to regulatory or contractual requirements.<br \/>The possibility to build the panelboard within the framework of our production process enables us a management control ensuring production times in line with your expectations.<\/p>\t\t\t\t\t\t\t\t<\/div>\n\t\t\t\t<\/div>\n\t\t\t\t<\/div>\n\t\t<div class=\"elementor-element elementor-element-7afbeb4b e-con-full e-flex wpr-particle-no wpr-jarallax-no wpr-parallax-no wpr-sticky-section-no wpr-equal-height-no e-con e-child\" data-id=\"7afbeb4b\" data-element_type=\"container\" data-e-type=\"container\">\n\t\t\t\t<div class=\"elementor-element elementor-element-49e7da99 elementor-widget elementor-widget-eael-feature-list\" data-id=\"49e7da99\" data-element_type=\"widget\" data-e-type=\"widget\" data-widget_type=\"eael-feature-list.default\">\n\t\t\t\t<div class=\"elementor-widget-container\">\n\t\t\t\t\t\t\t<div class=\"-icon-position-left -tablet-icon-position-left -mobile-icon-position-left\">\n\t\t\t<ul id=\"eael-feature-list-49e7da99\" class=\"eael-feature-list-items circle stacked  eael-feature-list-vertical\" data-layout-tablet=\"vertical\" data-layout-mobile=\"vertical\">\n\t\t\t                <li class=\"eael-feature-list-item elementor-repeater-item-a6b10cb\">\n                    \n\t\t\t\t\t\t<div class=\"eael-feature-list-icon-box\">\n\t\t\t\t\t\t\t<div class=\"eael-feature-list-icon-inner\">\n\n\t\t\t\t\t\t\t\t<span class=\"eael-feature-list-icon fl-icon-0\">\n\n\t\t<i aria-hidden=\"true\" class=\"fas fa-layer-group\"><\/i>\t\t\t\t\t\t\t\t<\/span>\n\t\t\t\t\t\t\t<\/div>\n\t\t\t\t\t\t<\/div>\n\t\t\t\t\t\t<div class=\"eael-feature-list-content-box\">\n                            <h2 class=\"eael-feature-list-title\">Service flexibility<\/h2>\t\t\t\t\t\t<p class=\"eael-feature-list-content\">We are able to position ourselves as an ideal partner for the realization of command and control panels to our own design or a design provided by you.<\/p>\n\t\t\t\t\t\t<\/div>\n\n\t\t\t\t\t<\/li>\n\t\t\t\t                <li class=\"eael-feature-list-item elementor-repeater-item-19a3c91\">\n                    \n\t\t\t\t\t\t<div class=\"eael-feature-list-icon-box\">\n\t\t\t\t\t\t\t<div class=\"eael-feature-list-icon-inner\">\n\n\t\t\t\t\t\t\t\t<span class=\"eael-feature-list-icon fl-icon-1\">\n\n\t\t<i aria-hidden=\"true\" class=\"fas fa-search\"><\/i>\t\t\t\t\t\t\t\t<\/span>\n\t\t\t\t\t\t\t<\/div>\n\t\t\t\t\t\t<\/div>\n\t\t\t\t\t\t<div class=\"eael-feature-list-content-box\">\n                            <h2 class=\"eael-feature-list-title\">Skills on the most popular brands<\/h2>\t\t\t\t\t\t<p class=\"eael-feature-list-content\">We have the means and skills required to operate on the most popular commercial brands.<\/p>\n\t\t\t\t\t\t<\/div>\n\n\t\t\t\t\t<\/li>\n\t\t\t\t                <li class=\"eael-feature-list-item elementor-repeater-item-4168a3f\">\n                    \n\t\t\t\t\t\t<div class=\"eael-feature-list-icon-box\">\n\t\t\t\t\t\t\t<div class=\"eael-feature-list-icon-inner\">\n\n\t\t\t\t\t\t\t\t<span class=\"eael-feature-list-icon fl-icon-2\">\n\n\t\t<i aria-hidden=\"true\" class=\"fas fa-sync-alt\"><\/i>\t\t\t\t\t\t\t\t<\/span>\n\t\t\t\t\t\t\t<\/div>\n\t\t\t\t\t\t<\/div>\n\t\t\t\t\t\t<div class=\"eael-feature-list-content-box\">\n                            <h2 class=\"eael-feature-list-title\">Realization of panelboards compliant with the main standards.<\/h2>\t\t\t\t\t\t<p class=\"eael-feature-list-content\">We realize panelboards compliant with the main regulations (EC, UL).<\/p>\n\t\t\t\t\t\t<\/div>\n\n\t\t\t\t\t<\/li>\n\t\t\t\t\t\t\t<\/ul>\n\t\t<\/div>\n\t\t\t\t\t\t<\/div>\n\t\t\t\t<\/div>\n\t\t\t\t<\/div>\n\t\t\t\t\t<\/div>\n\t\t\t\t<\/div>\n\t\t\t\t<\/div>","protected":false},"excerpt":{"rendered":"<p>Quadri elettrici Quadri elettrici Il nostro reparto produttivo \u00e8 pensato per realizzare quadri elettrici con caratteristiche fortemente personalizzate, orientati alla soddisfazione delle vostre specifiche necessit\u00e0. Progetti 0 Persone 0 Settori coperti 0 Anni di attivit\u00e0 0 Valori aggiunti Possiamo adattare i nostri standard produttivi alle specifiche richieste dettate da esigenze normative o capitolari.La possibilit\u00e0 di costruire il quadro elettrico all\u2019interno del nostro processo produttivo, ci consente un controllo di gestione capace di garantire tempi di realizzo in linea con le vostre aspettative. Flessibilit\u00e0 nel servizio Siamo in grado di porci come partner ideale per la realizzazione di quadri di comando e controllo su nostra progettazione o su progettazione fornita da voi. Competenze sui brand pi\u00f9 diffusi Abbiamo le competenze e gli strumenti necessari per lavorare sui brands commerciali pi\u00f9 diffusi. Realizzazione di quadri secondo gli standard pi\u00f9 diffusi Realizziamo quadri elettrici conformi alle normative pi\u00f9 comuni (CE, UL)<\/p>","protected":false},"author":1,"featured_media":0,"parent":0,"menu_order":0,"comment_status":"closed","ping_status":"closed","template":"","meta":{"footnotes":""},"class_list":["post-1428","page","type-page","status-publish","hentry"],"blocksy_meta":{"page_title_panel":"","has_hero_section":"disabled","a021d615acb00704d22a215bb20821ff":"","hero_section":"type-1","hero_elements":[{"id":"custom_title","enabled":true,"heading_tag":"h1","title":"Home"},{"id":"custom_description","enabled":true,"description_visibility":{"desktop":true,"tablet":true,"mobile":false}},{"id":"custom_meta","enabled":false,"meta_elements":[{"id":"author","enabled":true,"label":"By","has_author_avatar":"yes","avatar_size":25},{"id":"post_date","enabled":true,"label":"On","date_format_source":"default","date_format":"M j, Y"},{"id":"comments","enabled":true}],"page_meta_elements":{"joined":true,"articles_count":true,"comments":true}},{"id":"breadcrumbs","enabled":false}],"d0505c9bc2c3a100918983b7672c5e6d":"","hero_alignment1":"left","hero_alignment2":"center","hero_vertical_alignment":"center","69a73150cebfaece67402936f1c0455f":"","hero_structure":"narrow","bd1080d581870d75437a0aec7ce14d23":"","page_title_bg_type":"featured_image","custom_hero_background":{"attachment_id":null},"parallax":{"desktop":false,"tablet":false,"mobile":false},"a45ed0d64b9a771c158335017296bd80":"","hero_height":"250px","pageTitleFont":{"family":"Default","variation":"Default","size":{"desktop":"32px","tablet":"30px","mobile":"25px"},"line-height":"CT_CSS_SKIP_RULE","letter-spacing":"CT_CSS_SKIP_RULE","text-transform":"CT_CSS_SKIP_RULE","text-decoration":"CT_CSS_SKIP_RULE"},"pageTitleFontColor":{"default":{"color":"CT_CSS_SKIP_RULEDEFAULT"}},"pageMetaFont":{"family":"Default","variation":"n6","size":{"desktop":"12px","tablet":"12px","mobile":"12px"},"line-height":"1.3","letter-spacing":"CT_CSS_SKIP_RULE","text-transform":"uppercase","text-decoration":"CT_CSS_SKIP_RULE"},"pageMetaFontColor":{"default":{"color":"CT_CSS_SKIP_RULEDEFAULT"},"hover":{"color":"CT_CSS_SKIP_RULEDEFAULT"}},"pageExcerptFont":{"family":"Default","variation":"Default","size":"CT_CSS_SKIP_RULE","line-height":"CT_CSS_SKIP_RULE","letter-spacing":"CT_CSS_SKIP_RULE","text-transform":"CT_CSS_SKIP_RULE","text-decoration":"CT_CSS_SKIP_RULE"},"pageExcerptColor":{"default":{"color":"CT_CSS_SKIP_RULEDEFAULT"}},"breadcrumbsFont":{"family":"Default","variation":"n6","size":"12px","line-height":"CT_CSS_SKIP_RULE","letter-spacing":"CT_CSS_SKIP_RULE","text-transform":"uppercase","text-decoration":"CT_CSS_SKIP_RULE"},"breadcrumbsFontColor":{"default":{"color":"CT_CSS_SKIP_RULEDEFAULT"},"initial":{"color":"CT_CSS_SKIP_RULEDEFAULT"},"hover":{"color":"CT_CSS_SKIP_RULEDEFAULT"}},"pageTitleOverlay":{"default":{"color":"rgba(41, 51, 60, 0.2)"}},"pageTitleBackground":{"background_type":"color","background_pattern":"type-1","background_image":{"attachment_id":null,"x":0,"y":0},"background_repeat":"no-repeat","background_size":"auto","background_attachment":"scroll","patternColor":{"default":{"color":"#e5e7ea"}},"backgroundColor":{"default":{"color":"#EDEFF2"}}},"c0700eea2d5f2a79943114245d9b0d3c":"","page_structure_type":"default","content_style":"inherit","vertical_spacing_source":"custom","content_area_spacing":"none","background":{"background_type":"color","background_pattern":"type-1","background_image":{"attachment_id":null,"x":0,"y":0},"background_repeat":"no-repeat","background_size":"auto","background_attachment":"scroll","patternColor":{"default":{"color":"#e5e7ea"}},"backgroundColor":{"default":{"color":"CT_CSS_SKIP_RULE"}}},"content_background":{"background_type":"color","background_pattern":"type-1","background_image":{"attachment_id":null,"x":0,"y":0},"background_repeat":"no-repeat","background_size":"auto","background_attachment":"scroll","patternColor":{"default":{"color":"#e5e7ea"}},"backgroundColor":{"default":{"color":"#ffffff"}}},"content_boxed_spacing":{"desktop":"40px","tablet":"35px","mobile":"20px"},"content_boxed_radius":{"top":"3px","bottom":"3px","left":"3px","right":"3px","linked":true},"content_boxed_shadow":{"blur":18,"spread":-6,"v_offset":12,"h_offset":0,"inset":false,"enable":true,"color":{"color":"rgba(34, 56, 101, 0.04)"}},"05c14464af83440d2458a3b59cd3c7c8":"","disable_featured_image":"no","disable_header":"no","disable_footer":"no","styles_descriptor":{"styles":{"desktop":"","tablet":"","mobile":""},"google_fonts":[]}},"aioseo_notices":[],"_links":{"self":[{"href":"https:\/\/www.blueng.com\/en\/wp-json\/wp\/v2\/pages\/1428","targetHints":{"allow":["GET"]}}],"collection":[{"href":"https:\/\/www.blueng.com\/en\/wp-json\/wp\/v2\/pages"}],"about":[{"href":"https:\/\/www.blueng.com\/en\/wp-json\/wp\/v2\/types\/page"}],"author":[{"embeddable":true,"href":"https:\/\/www.blueng.com\/en\/wp-json\/wp\/v2\/users\/1"}],"replies":[{"embeddable":true,"href":"https:\/\/www.blueng.com\/en\/wp-json\/wp\/v2\/comments?post=1428"}],"version-history":[{"count":5,"href":"https:\/\/www.blueng.com\/en\/wp-json\/wp\/v2\/pages\/1428\/revisions"}],"predecessor-version":[{"id":2095,"href":"https:\/\/www.blueng.com\/en\/wp-json\/wp\/v2\/pages\/1428\/revisions\/2095"}],"wp:attachment":[{"href":"https:\/\/www.blueng.com\/en\/wp-json\/wp\/v2\/media?parent=1428"}],"curies":[{"name":"wp","href":"https:\/\/api.w.org\/{rel}","templated":true}]}}